{"id":26266,"date":"2019-04-20T17:10:21","date_gmt":"2019-04-20T13:40:21","guid":{"rendered":"https:\/\/eshraagh.com\/pe\/product\/dark-brown-melange-merino-wool-abaya\/"},"modified":"2019-04-20T17:10:21","modified_gmt":"2019-04-20T13:40:21","slug":"dark-brown-melange-merino-wool-abaya","status":"publish","type":"product","link":"https:\/\/eshraagh.com\/pe\/en\/product\/dark-brown-melange-merino-wool-abaya\/","title":{"rendered":"Dark brown m\u00e9lange merino wool abaya"},"content":{"rendered":"<p style=\"text-align: right;\">M\u00e9lange fabric is made from a colored yarn that gives the fabric its m\u00e9lange appearance. In fact, m\u00e9lange refers to the color pattern of the fabric rather than its material M\u00e9lange fabric is a blend of natural fibers (like cotton) and synthetic fibers<\/p>\n<p style=\"text-align: right;\"> Given that synthetic fibers generally absorb dye more rigidly, sometimes both types of fibers are woven together and then dyed, resulting in a two-tone effect in the fabric, which is called m\u00e9lange<\/p>\n<p style=\"text-align: right;\">This fabric has color variation and does not have a uniform, smooth color. It is commonly known in shades of gray, where the gray tones can vary. M\u00e9lange fabric is widely used in the clothing industry<\/p>\n","protected":false},"excerpt":{"rendered":"<p>M\u00e9lange fabric is made from a colored yarn that gives the fabric its m\u00e9lange appearance. In fact, m\u00e9lange refers to the color pattern of the fabric rather than its material M\u00e9lange fabric is a blend of natural fibers (like cotton) and synthetic fibers Given that synthetic fibers generally absorb dye more rigidly, sometimes both types [&hellip;]<\/p>\n","protected":false},"featured_media":23996,"template":"","meta":[],"product_brand":[],"product_cat":[2083,2085],"product_tag":[2128,2765,2818,2830,2515,2850,2196,2764],"class_list":{"0":"post-26266","1":"product","2":"type-product","3":"status-publish","4":"has-post-thumbnail","6":"product_cat-abaya","7":"product_cat-summer","8":"product_tag-brown","9":"product_tag-custom","10":"product_tag-excellent","11":"product_tag-melange","12":"product_tag-merino","13":"product_tag-quality","14":"product_tag-robe","15":"product_tag-stitching","16":"pa_-140-en","17":"pa_-141-en","18":"pa_-142-en","19":"pa_-143-en","20":"pa_-144-en","21":"pa_-145-en","22":"pa_-146-en","23":"pa_-147-en","24":"pa_-148-en","25":"pa_-149-en","26":"pa_-150-en","27":"pa_-151-en","28":"pa_-152-en","29":"pa_-153-en","30":"pa_-154-en","31":"pa_-155-en","32":"pa_-156-en","33":"pa_-157-en","34":"pa_-158-en","35":"pa_-159-en","36":"pa_-160-en","37":"pa_-161-en","38":"pa_-162-en","39":"pa_-163-en","40":"pa_-164-en","41":"pa_-165-en","42":"pa_--custom-long-sleeves-and-better-stitching","43":"pa_--long-sleeves-70-to-73-centimeters","44":"pa_--regular","46":"first","47":"instock","48":"featured","49":"shipping-taxable","50":"purchasable","51":"product-type-variable"},"yoast_head":"<!-- This site is optimized with the Yoast SEO plugin v27.0 - https:\/\/yoast.com\/product\/yoast-seo-wordpress\/ -->\n<title>Dark brown m\u00e9lange merino wool abaya - Ishraq Online Store<\/title>\n<meta name=\"robots\" content=\"index, follow, max-snippet:-1, max-image-preview:large, max-video-preview:-1\" \/>\n<link rel=\"canonical\" href=\"https:\/\/eshraagh.com\/pe\/en\/product\/dark-brown-melange-merino-wool-abaya\/\" \/>\n<meta property=\"og:locale\" content=\"en_US\" \/>\n<meta property=\"og:type\" content=\"article\" \/>\n<meta property=\"og:title\" content=\"Dark brown m\u00e9lange merino wool abaya - Ishraq Online Store\" \/>\n<meta property=\"og:description\" content=\"M\u00e9lange fabric is made from a colored yarn that gives the fabric its m\u00e9lange appearance. In fact, m\u00e9lange refers to the color pattern of the fabric rather than its material M\u00e9lange fabric is a blend of natural fibers (like cotton) and synthetic fibers Given that synthetic fibers generally absorb dye more rigidly, sometimes both types [&hellip;]\" \/>\n<meta property=\"og:url\" content=\"https:\/\/eshraagh.com\/pe\/en\/product\/dark-brown-melange-merino-wool-abaya\/\" \/>\n<meta property=\"og:site_name\" content=\"Ishraq Online Store\" \/>\n<meta property=\"og:image\" content=\"https:\/\/eshraagh.com\/pe\/wp-content\/uploads\/2019\/04\/DSC_3922.jpg\" \/>\n\t<meta property=\"og:image:width\" content=\"1024\" \/>\n\t<meta property=\"og:image:height\" content=\"560\" \/>\n\t<meta property=\"og:image:type\" content=\"image\/jpeg\" \/>\n<meta name=\"twitter:card\" content=\"summary_large_image\" \/>\n<meta name=\"twitter:label1\" content=\"Est. reading time\" \/>\n\t<meta name=\"twitter:data1\" content=\"1 minute\" \/>\n<script type=\"application\/ld+json\" class=\"yoast-schema-graph\">{\"@context\":\"https:\/\/schema.org\",\"@graph\":[{\"@type\":\"WebPage\",\"@id\":\"https:\/\/eshraagh.com\/pe\/en\/product\/dark-brown-melange-merino-wool-abaya\/\",\"url\":\"https:\/\/eshraagh.com\/pe\/en\/product\/dark-brown-melange-merino-wool-abaya\/\",\"name\":\"Dark brown m\u00e9lange merino wool abaya - Ishraq Online Store\",\"isPartOf\":{\"@id\":\"https:\/\/eshraagh.com\/pe\/#website\"},\"primaryImageOfPage\":{\"@id\":\"https:\/\/eshraagh.com\/pe\/en\/product\/dark-brown-melange-merino-wool-abaya\/#primaryimage\"},\"image\":{\"@id\":\"https:\/\/eshraagh.com\/pe\/en\/product\/dark-brown-melange-merino-wool-abaya\/#primaryimage\"},\"thumbnailUrl\":\"https:\/\/eshraagh.com\/pe\/wp-content\/uploads\/2019\/04\/DSC_3922.jpg\",\"datePublished\":\"2019-04-20T13:40:21+00:00\",\"breadcrumb\":{\"@id\":\"https:\/\/eshraagh.com\/pe\/en\/product\/dark-brown-melange-merino-wool-abaya\/#breadcrumb\"},\"inLanguage\":\"en-US\",\"potentialAction\":[{\"@type\":\"ReadAction\",\"target\":[\"https:\/\/eshraagh.com\/pe\/en\/product\/dark-brown-melange-merino-wool-abaya\/\"]}]},{\"@type\":\"ImageObject\",\"inLanguage\":\"en-US\",\"@id\":\"https:\/\/eshraagh.com\/pe\/en\/product\/dark-brown-melange-merino-wool-abaya\/#primaryimage\",\"url\":\"https:\/\/eshraagh.com\/pe\/wp-content\/uploads\/2019\/04\/DSC_3922.jpg\",\"contentUrl\":\"https:\/\/eshraagh.com\/pe\/wp-content\/uploads\/2019\/04\/DSC_3922.jpg\",\"width\":1024,\"height\":560},{\"@type\":\"BreadcrumbList\",\"@id\":\"https:\/\/eshraagh.com\/pe\/en\/product\/dark-brown-melange-merino-wool-abaya\/#breadcrumb\",\"itemListElement\":[{\"@type\":\"ListItem\",\"position\":1,\"name\":\"Home\",\"item\":\"https:\/\/eshraagh.com\/pe\/en\/\"},{\"@type\":\"ListItem\",\"position\":2,\"name\":\"Shop\",\"item\":\"https:\/\/eshraagh.com\/pe\/en\/shop-en\/\"},{\"@type\":\"ListItem\",\"position\":3,\"name\":\"Dark brown m\u00e9lange merino wool abaya\"}]},{\"@type\":\"WebSite\",\"@id\":\"https:\/\/eshraagh.com\/pe\/#website\",\"url\":\"https:\/\/eshraagh.com\/pe\/\",\"name\":\"Ishraq Online Store\",\"description\":\"\",\"publisher\":{\"@id\":\"https:\/\/eshraagh.com\/pe\/#organization\"},\"potentialAction\":[{\"@type\":\"SearchAction\",\"target\":{\"@type\":\"EntryPoint\",\"urlTemplate\":\"https:\/\/eshraagh.com\/pe\/?s={search_term_string}\"},\"query-input\":{\"@type\":\"PropertyValueSpecification\",\"valueRequired\":true,\"valueName\":\"search_term_string\"}}],\"inLanguage\":\"en-US\"},{\"@type\":\"Organization\",\"@id\":\"https:\/\/eshraagh.com\/pe\/#organization\",\"name\":\"\u0641\u0631\u0648\u0634\u06af\u0627\u0647 \u0627\u06cc\u0646\u062a\u0631\u0646\u062a\u06cc \u0627\u0634\u0631\u0627\u0642\",\"url\":\"https:\/\/eshraagh.com\/pe\/\",\"logo\":{\"@type\":\"ImageObject\",\"inLanguage\":\"en-US\",\"@id\":\"https:\/\/eshraagh.com\/pe\/#\/schema\/logo\/image\/\",\"url\":\"https:\/\/eshraagh.com\/pe\/wp-content\/uploads\/2019\/06\/thumbnail.jpg\",\"contentUrl\":\"https:\/\/eshraagh.com\/pe\/wp-content\/uploads\/2019\/06\/thumbnail.jpg\",\"width\":640,\"height\":640,\"caption\":\"\u0641\u0631\u0648\u0634\u06af\u0627\u0647 \u0627\u06cc\u0646\u062a\u0631\u0646\u062a\u06cc \u0627\u0634\u0631\u0627\u0642\"},\"image\":{\"@id\":\"https:\/\/eshraagh.com\/pe\/#\/schema\/logo\/image\/\"}}]}<\/script>\n<!-- \/ Yoast SEO plugin. -->","yoast_head_json":{"title":"Dark brown m\u00e9lange merino wool abaya - Ishraq Online Store","robots":{"index":"index","follow":"follow","max-snippet":"max-snippet:-1","max-image-preview":"max-image-preview:large","max-video-preview":"max-video-preview:-1"},"canonical":"https:\/\/eshraagh.com\/pe\/en\/product\/dark-brown-melange-merino-wool-abaya\/","og_locale":"en_US","og_type":"article","og_title":"Dark brown m\u00e9lange merino wool abaya - Ishraq Online Store","og_description":"M\u00e9lange fabric is made from a colored yarn that gives the fabric its m\u00e9lange appearance. In fact, m\u00e9lange refers to the color pattern of the fabric rather than its material M\u00e9lange fabric is a blend of natural fibers (like cotton) and synthetic fibers Given that synthetic fibers generally absorb dye more rigidly, sometimes both types [&hellip;]","og_url":"https:\/\/eshraagh.com\/pe\/en\/product\/dark-brown-melange-merino-wool-abaya\/","og_site_name":"Ishraq Online Store","og_image":[{"width":1024,"height":560,"url":"https:\/\/eshraagh.com\/pe\/wp-content\/uploads\/2019\/04\/DSC_3922.jpg","type":"image\/jpeg"}],"twitter_card":"summary_large_image","twitter_misc":{"Est. reading time":"1 minute"},"schema":{"@context":"https:\/\/schema.org","@graph":[{"@type":"WebPage","@id":"https:\/\/eshraagh.com\/pe\/en\/product\/dark-brown-melange-merino-wool-abaya\/","url":"https:\/\/eshraagh.com\/pe\/en\/product\/dark-brown-melange-merino-wool-abaya\/","name":"Dark brown m\u00e9lange merino wool abaya - Ishraq Online Store","isPartOf":{"@id":"https:\/\/eshraagh.com\/pe\/#website"},"primaryImageOfPage":{"@id":"https:\/\/eshraagh.com\/pe\/en\/product\/dark-brown-melange-merino-wool-abaya\/#primaryimage"},"image":{"@id":"https:\/\/eshraagh.com\/pe\/en\/product\/dark-brown-melange-merino-wool-abaya\/#primaryimage"},"thumbnailUrl":"https:\/\/eshraagh.com\/pe\/wp-content\/uploads\/2019\/04\/DSC_3922.jpg","datePublished":"2019-04-20T13:40:21+00:00","breadcrumb":{"@id":"https:\/\/eshraagh.com\/pe\/en\/product\/dark-brown-melange-merino-wool-abaya\/#breadcrumb"},"inLanguage":"en-US","potentialAction":[{"@type":"ReadAction","target":["https:\/\/eshraagh.com\/pe\/en\/product\/dark-brown-melange-merino-wool-abaya\/"]}]},{"@type":"ImageObject","inLanguage":"en-US","@id":"https:\/\/eshraagh.com\/pe\/en\/product\/dark-brown-melange-merino-wool-abaya\/#primaryimage","url":"https:\/\/eshraagh.com\/pe\/wp-content\/uploads\/2019\/04\/DSC_3922.jpg","contentUrl":"https:\/\/eshraagh.com\/pe\/wp-content\/uploads\/2019\/04\/DSC_3922.jpg","width":1024,"height":560},{"@type":"BreadcrumbList","@id":"https:\/\/eshraagh.com\/pe\/en\/product\/dark-brown-melange-merino-wool-abaya\/#breadcrumb","itemListElement":[{"@type":"ListItem","position":1,"name":"Home","item":"https:\/\/eshraagh.com\/pe\/en\/"},{"@type":"ListItem","position":2,"name":"Shop","item":"https:\/\/eshraagh.com\/pe\/en\/shop-en\/"},{"@type":"ListItem","position":3,"name":"Dark brown m\u00e9lange merino wool abaya"}]},{"@type":"WebSite","@id":"https:\/\/eshraagh.com\/pe\/#website","url":"https:\/\/eshraagh.com\/pe\/","name":"Ishraq Online Store","description":"","publisher":{"@id":"https:\/\/eshraagh.com\/pe\/#organization"},"potentialAction":[{"@type":"SearchAction","target":{"@type":"EntryPoint","urlTemplate":"https:\/\/eshraagh.com\/pe\/?s={search_term_string}"},"query-input":{"@type":"PropertyValueSpecification","valueRequired":true,"valueName":"search_term_string"}}],"inLanguage":"en-US"},{"@type":"Organization","@id":"https:\/\/eshraagh.com\/pe\/#organization","name":"\u0641\u0631\u0648\u0634\u06af\u0627\u0647 \u0627\u06cc\u0646\u062a\u0631\u0646\u062a\u06cc \u0627\u0634\u0631\u0627\u0642","url":"https:\/\/eshraagh.com\/pe\/","logo":{"@type":"ImageObject","inLanguage":"en-US","@id":"https:\/\/eshraagh.com\/pe\/#\/schema\/logo\/image\/","url":"https:\/\/eshraagh.com\/pe\/wp-content\/uploads\/2019\/06\/thumbnail.jpg","contentUrl":"https:\/\/eshraagh.com\/pe\/wp-content\/uploads\/2019\/06\/thumbnail.jpg","width":640,"height":640,"caption":"\u0641\u0631\u0648\u0634\u06af\u0627\u0647 \u0627\u06cc\u0646\u062a\u0631\u0646\u062a\u06cc \u0627\u0634\u0631\u0627\u0642"},"image":{"@id":"https:\/\/eshraagh.com\/pe\/#\/schema\/logo\/image\/"}}]}},"_links":{"self":[{"href":"https:\/\/eshraagh.com\/pe\/en\/wp-json\/wp\/v2\/product\/26266","targetHints":{"allow":["GET"]}}],"collection":[{"href":"https:\/\/eshraagh.com\/pe\/en\/wp-json\/wp\/v2\/product"}],"about":[{"href":"https:\/\/eshraagh.com\/pe\/en\/wp-json\/wp\/v2\/types\/product"}],"version-history":[{"count":0,"href":"https:\/\/eshraagh.com\/pe\/en\/wp-json\/wp\/v2\/product\/26266\/revisions"}],"wp:featuredmedia":[{"embeddable":true,"href":"https:\/\/eshraagh.com\/pe\/en\/wp-json\/wp\/v2\/media\/23996"}],"wp:attachment":[{"href":"https:\/\/eshraagh.com\/pe\/en\/wp-json\/wp\/v2\/media?parent=26266"}],"wp:term":[{"taxonomy":"product_brand","embeddable":true,"href":"https:\/\/eshraagh.com\/pe\/en\/wp-json\/wp\/v2\/product_brand?post=26266"},{"taxonomy":"product_cat","embeddable":true,"href":"https:\/\/eshraagh.com\/pe\/en\/wp-json\/wp\/v2\/product_cat?post=26266"},{"taxonomy":"product_tag","embeddable":true,"href":"https:\/\/eshraagh.com\/pe\/en\/wp-json\/wp\/v2\/product_tag?post=26266"}],"curies":[{"name":"wp","href":"https:\/\/api.w.org\/{rel}","templated":true}]}}